{"id":529,"date":"2015-04-20T11:50:56","date_gmt":"2015-04-20T11:50:56","guid":{"rendered":"http:\/\/welfare.cmsmasters.net\/?page_id=529"},"modified":"2022-04-30T09:54:20","modified_gmt":"2022-04-30T09:54:20","slug":"conocenos","status":"publish","type":"page","link":"http:\/\/cicloconciertosbarciademera.net\/index.php\/conocenos\/","title":{"rendered":"Sobre nosotros"},"content":{"rendered":"<div id=\"cmsmasters_row_982eaf665a\" class=\"cmsmasters_row cmsmasters_color_scheme_default cmsmasters_row_top_default cmsmasters_row_bot_default cmsmasters_row_boxed\">\n<div class=\"cmsmasters_row_outer_parent\">\n<div class=\"cmsmasters_row_outer\">\n<div class=\"cmsmasters_row_inner\">\n<div class=\"cmsmasters_row_margin\">\n<div id=\"cmsmasters_column_6103458c4a\" class=\"cmsmasters_column one_first\">\n<div class=\"cmsmasters_column_inner\"><div id=\"cmsmasters_heading_15996123cc\" class=\"cmsmasters_heading_wrap cmsmasters_heading_align_center\">\n\t<h2 class=\"cmsmasters_heading\">\u00bfQuienes somos?<\/h2>\n<\/div><div class=\"aligncenter\"><div class=\"cmsmasters_img  cmsmasters_image_c\"><img decoding=\"async\" src=\"http:\/\/cicloconciertosbarciademera.net\/wp-content\/uploads\/2017\/06\/CF1E8F321BA1382D363C2EF011B1B6AAF1979407D0BD15Epimgpsh_fullsize_distr.png\" alt=\"new\" \/><\/div><\/div>\n<\/div><\/div>\n<\/div>\n<\/div>\n<\/div>\n<\/div>\n<\/div>\n<div id=\"cmsmasters_row_17e59a36a6\" class=\"cmsmasters_row cmsmasters_color_scheme_default cmsmasters_row_top_default cmsmasters_row_bot_default cmsmasters_row_boxed\">\n<div class=\"cmsmasters_row_outer_parent\">\n<div class=\"cmsmasters_row_outer\">\n<div class=\"cmsmasters_row_inner\">\n<div class=\"cmsmasters_row_margin\">\n<div id=\"cmsmasters_column_b844710945\" class=\"cmsmasters_column one_half\">\n<div class=\"cmsmasters_column_inner\"><div id=\"cmsmasters_fb_1y9k96l688\" class=\"cmsmasters_featured_block\">\n<div class=\"featured_block_inner\">\n<div class=\"featured_block_text\">\n<h2>Asociaci\u00f3n Cultural Ciclo de M\u00fasica de Barcia de Mera<\/h2>\n<h6 style=\"color: #585858; font-size: 16px; line-height: 28px; font-weight: 400;\">Todo empez\u00f3 hace m\u00e1s de 12 a\u00f1os cuando el Padre Rafael conoci\u00f3 a Nieves Garc\u00eda Sotos, quien estaba buscando un lugar para realizar una producci\u00f3n musical para unos ni\u00f1os de un campamento. El padre Rafa siempre ha sido aficionado a la m\u00fasica, quer\u00eda dar a conocer el patrimonio. La conjunci\u00f3n de todas estas situaciones fue la semilla de la Asociaci\u00f3n, que celebra varios conciertos anuales entre abril y septiembre. Los retablos se restauraron en 2007, al a\u00f1o siguiente en Enero de 2008, realizan su concierto inaugural. Organizan programas de m\u00fasica sacra y no sacra, contando dentro de sus performance a la Real Filarmon\u00e1 de Galicia, la Sinf\u00f3nica de Galicia, el coro residente Vox Stellae y un grupo de j\u00f3venes de la cantera de la Sinf\u00f3nica de Galicia, entre otros. Kirill Maximov, reconocido ahora en Europa, comenz\u00f3 en Barciademera y luego se abri\u00f3 al mundo. Han incluso realizado una Opera que ha sido un deleite para quienes han presenciado la puesta en escena de Sor Ang\u00e9lica de Puccini en un ambiente m\u00e1gico.<\/h6>\n<div id=\"cmsmasters_heading_1y9k96l688\" class=\"cmsmasters_heading_wrap cmsmasters_heading_align_left\">\n\t<h5 class=\"cmsmasters_heading\"><a href=\"http:\/\/theater.cmsmasters.net\/project\/the-kite-runner\/\">Ver m\u00e1s&#8230;<\/a><\/h5>\n<\/div>\n\n<\/div>\n<\/div>\n<\/div>\n<\/div><\/div>\n<div id=\"cmsmasters_column_786385d260\" class=\"cmsmasters_column one_half\">\n<div class=\"cmsmasters_column_inner\"><div class=\"cmsmasters_content_slider_wrap\" style=\"max-width:580px;\"><div id=\"cmsmasters_slider_c72e0bd1e2\" class=\"cmsmasters_owl_slider owl-carousel cmsmasters_content_slider\" data-auto-play=\"7000\" data-stop-on-hover=\"false\" data-rewind-nav=\"false\" data-slide-speed=\"600\" data-pagination-speed=\"600\" data-rewind-speed=\"1000\" data-transition-style=\"false\" data-pagination=\"true\" data-navigation=\"false\"><div class=\"cmsmasters_owl_slider_item cmsmasters_content_slider_item\"><img loading=\"lazy\" decoding=\"async\" width=\"580\" height=\"495\" src=\"http:\/\/cicloconciertosbarciademera.net\/wp-content\/uploads\/2022\/04\/rafanieves1-580x495.jpg\" class=\"attachment-cmsmasters-project-thumb size-cmsmasters-project-thumb\" alt=\"Presentaci\u00f3n Ciclo II\" \/><\/div><div class=\"cmsmasters_owl_slider_item cmsmasters_content_slider_item\"><img loading=\"lazy\" decoding=\"async\" width=\"580\" height=\"495\" src=\"http:\/\/cicloconciertosbarciademera.net\/wp-content\/uploads\/2022\/04\/rafa_nieves-580x495.jpg\" class=\"attachment-cmsmasters-project-thumb size-cmsmasters-project-thumb\" alt=\"Estreno Sor Angelica\" \/><\/div><div class=\"cmsmasters_owl_slider_item cmsmasters_content_slider_item\"><img loading=\"lazy\" decoding=\"async\" width=\"580\" height=\"512\" src=\"http:\/\/cicloconciertosbarciademera.net\/wp-content\/uploads\/2022\/04\/Barcia-de-Mera-580x512.jpg\" class=\"attachment-cmsmasters-project-thumb size-cmsmasters-project-thumb\" alt=\"Iglesia de Barcia de Mera\" \/><\/div><div class=\"cmsmasters_owl_slider_item cmsmasters_content_slider_item\"><img loading=\"lazy\" decoding=\"async\" width=\"580\" height=\"580\" src=\"http:\/\/cicloconciertosbarciademera.net\/wp-content\/uploads\/2022\/04\/barciademera-580x580.jpg\" class=\"attachment-cmsmasters-project-thumb size-cmsmasters-project-thumb\" alt=\"Rectoral\" srcset=\"http:\/\/cicloconciertosbarciademera.net\/wp-content\/uploads\/2022\/04\/barciademera-580x580.jpg 580w, http:\/\/cicloconciertosbarciademera.net\/wp-content\/uploads\/2022\/04\/barciademera-150x150.jpg 150w, http:\/\/cicloconciertosbarciademera.net\/wp-content\/uploads\/2022\/04\/barciademera-70x70.jpg 70w, http:\/\/cicloconciertosbarciademera.net\/wp-content\/uploads\/2022\/04\/barciademera-300x300.jpg 300w, http:\/\/cicloconciertosbarciademera.net\/wp-content\/uploads\/2022\/04\/barciademera-360x360.jpg 360w, http:\/\/cicloconciertosbarciademera.net\/wp-content\/uploads\/2022\/04\/barciademera-540x540.jpg 540w, http:\/\/cicloconciertosbarciademera.net\/wp-content\/uploads\/2022\/04\/barciademera-100x100.jpg 100w\" sizes=\"auto, (max-width: 580px) 100vw, 580px\" \/><\/div><\/div>\n<\/div>\n<\/div><\/div>\n<\/div>\n<\/div>\n<\/div>\n<\/div>\n<\/div>\n<div id=\"cmsmasters_row_0xq3vqvh7a\" class=\"cmsmasters_row cmsmasters_color_scheme_default cmsmasters_row_top_default cmsmasters_row_bot_default cmsmasters_row_boxed\">\n<div class=\"cmsmasters_row_outer_parent\">\n<div class=\"cmsmasters_row_outer\">\n<div class=\"cmsmasters_row_inner\">\n<div class=\"cmsmasters_row_margin\">\n<div id=\"cmsmasters_column_j7arjkym8\" class=\"cmsmasters_column one_first\">\n<div class=\"cmsmasters_column_inner\"><div id=\"cmsmasters_heading_n94t9ixdyd\" class=\"cmsmasters_heading_wrap cmsmasters_heading_align_center\">\n\t<h2 class=\"cmsmasters_heading\">Nuestros colaboradores<\/h2>\n<\/div><div class=\"aligncenter\"><div class=\"cmsmasters_img  cmsmasters_image_c\"><img decoding=\"async\" src=\"http:\/\/cicloconciertosbarciademera.net\/wp-content\/uploads\/2017\/06\/CF1E8F321BA1382D363C2EF011B1B6AAF1979407D0BD15Epimgpsh_fullsize_distr.png\" alt=\"new\" \/><\/div><\/div>\n<\/div><\/div>\n<\/div>\n<\/div>\n<\/div>\n<\/div>\n<\/div>\n<div id=\"cmsmasters_row_df3bhtzdan\" class=\"cmsmasters_row cmsmasters_color_scheme_default cmsmasters_row_top_default cmsmasters_row_bot_default cmsmasters_row_boxed\">\n<div class=\"cmsmasters_row_outer_parent\">\n<div class=\"cmsmasters_row_outer\">\n<div class=\"cmsmasters_row_inner\">\n<div class=\"cmsmasters_row_margin\">\n<div id=\"cmsmasters_column_3n89ke8l7s\" class=\"cmsmasters_column one_third\">\n<div class=\"cmsmasters_column_inner\"><div class=\"aligncenter\"><div class=\"cmsmasters_img  cmsmasters_image_c\"><a href=\"https:\/\/www.turismo.gal\/recurso\/-\/detalle\/4608\/igrexa-parroquial-e-reitoral-de-barciademera?langId=es_ES&#038;tp=8&#038;ctre=31\" target=\"_blank\"><img decoding=\"async\" src=\"http:\/\/cicloconciertosbarciademera.net\/wp-content\/uploads\/2022\/04\/logo_san_martino_barciademera-300x300.png\" alt=\"logo_san_martino_barciademera\" \/><\/a><\/div><\/div>\n<\/div><\/div>\n<div id=\"cmsmasters_column_695tyhbw5p\" class=\"cmsmasters_column one_third\">\n<div class=\"cmsmasters_column_inner\"><div class=\"aligncenter\"><div class=\"cmsmasters_img  cmsmasters_image_c\"><a href=\"https:\/\/www.quetecomo.es\/restaurante\/215\/casa-rivero-mondariz\" target=\"_blank\"><img decoding=\"async\" src=\"http:\/\/cicloconciertosbarciademera.net\/wp-content\/uploads\/2022\/04\/casa_rivero-300x300.jpeg\" alt=\"casa_rivero\" \/><\/a><\/div><\/div>\n<\/div><\/div>\n<div id=\"cmsmasters_column_x59dpaz3gq\" class=\"cmsmasters_column one_third\">\n<div class=\"cmsmasters_column_inner\"><div class=\"aligncenter\"><div class=\"cmsmasters_img  cmsmasters_image_c\"><a href=\"https:\/\/aceroplusdigital.com\/\" target=\"_blank\"><img decoding=\"async\" src=\"http:\/\/cicloconciertosbarciademera.net\/wp-content\/uploads\/2022\/04\/acerooplus-1-300x300.png\" alt=\"acerooplus\" \/><\/a><\/div><\/div>\n<\/div><\/div>\n<\/div>\n<\/div>\n<\/div>\n<\/div>\n<\/div>\n<div id=\"cmsmasters_row_svmdtmsoeo\" class=\"cmsmasters_row cmsmasters_color_scheme_default cmsmasters_row_top_default cmsmasters_row_bot_default cmsmasters_row_boxed\">\n<div class=\"cmsmasters_row_outer_parent\">\n<div class=\"cmsmasters_row_outer\">\n<div class=\"cmsmasters_row_inner\">\n<div class=\"cmsmasters_row_margin\">\n<div id=\"cmsmasters_column_frf6roozia\" class=\"cmsmasters_column one_third\">\n<div class=\"cmsmasters_column_inner\"><div class=\"aligncenter\"><div class=\"cmsmasters_img  cmsmasters_image_c\"><a href=\"https:\/\/es-es.facebook.com\/qhvqhacerenvigo\/\" target=\"_blank\"><img decoding=\"async\" src=\"http:\/\/cicloconciertosbarciademera.net\/wp-content\/uploads\/2022\/04\/qhv02-300x300.png\" alt=\"qhv02\" \/><\/a><\/div><\/div>\n<\/div><\/div>\n<div id=\"cmsmasters_column_bbxgewrqoe\" class=\"cmsmasters_column one_third\">\n<div class=\"cmsmasters_column_inner\"><div class=\"aligncenter\"><div class=\"cmsmasters_img  cmsmasters_image_c\"><a href=\"https:\/\/www.balneariomondariz.es\/\" target=\"_blank\"><img decoding=\"async\" src=\"http:\/\/cicloconciertosbarciademera.net\/wp-content\/uploads\/2022\/04\/balneariomondariz-1-300x300.png\" alt=\"balneariomondariz\" \/><\/a><\/div><\/div>\n<\/div><\/div>\n<div id=\"cmsmasters_column_z6v8l0vb6k\" class=\"cmsmasters_column one_third\">\n<div class=\"cmsmasters_column_inner\"><p><\/p>\n<\/div><\/div>\n<\/div>\n<\/div>\n<\/div>\n<\/div>\n<\/div>\n<div id=\"cmsmasters_row_sa8hjo0mkm\" class=\"cmsmasters_row cmsmasters_color_scheme_default cmsmasters_row_top_default cmsmasters_row_bot_default cmsmasters_row_boxed\">\n<div class=\"cmsmasters_row_outer_parent\">\n<div class=\"cmsmasters_row_outer\">\n<div class=\"cmsmasters_row_inner\">\n<div class=\"cmsmasters_row_margin\">\n<div id=\"cmsmasters_column_8wcepta7cf\" class=\"cmsmasters_column one_first\">\n<div class=\"cmsmasters_column_inner\"><div id=\"cmsmasters_heading_wtr3caf0u\" class=\"cmsmasters_heading_wrap cmsmasters_heading_align_center\">\n\t<h2 class=\"cmsmasters_heading\">Nuestros patrocinadores<\/h2>\n<\/div><div class=\"aligncenter\"><div class=\"cmsmasters_img  cmsmasters_image_c\"><img decoding=\"async\" src=\"http:\/\/cicloconciertosbarciademera.net\/wp-content\/uploads\/2017\/06\/CF1E8F321BA1382D363C2EF011B1B6AAF1979407D0BD15Epimgpsh_fullsize_distr.png\" alt=\"new\" \/><\/div><\/div>\n<\/div><\/div>\n<\/div>\n<\/div>\n<\/div>\n<\/div>\n<\/div>\n<div id=\"cmsmasters_row_vtan38u7w\" class=\"cmsmasters_row cmsmasters_color_scheme_default cmsmasters_row_top_default cmsmasters_row_bot_default cmsmasters_row_boxed\">\n<div class=\"cmsmasters_row_outer_parent\">\n<div class=\"cmsmasters_row_outer\">\n<div class=\"cmsmasters_row_inner\">\n<div class=\"cmsmasters_row_margin\">\n<div id=\"cmsmasters_column_nbenyy1n7c\" class=\"cmsmasters_column one_third\">\n<div class=\"cmsmasters_column_inner\"><div class=\"aligncenter\"><div class=\"cmsmasters_img  cmsmasters_image_c\"><a href=\"https:\/\/empresaraul.com\/\" target=\"_blank\"><img decoding=\"async\" src=\"http:\/\/cicloconciertosbarciademera.net\/wp-content\/uploads\/2022\/04\/empresaraul-2.png\" alt=\"empresaraul\" \/><\/a><\/div><\/div>\n<\/div><\/div>\n<div id=\"cmsmasters_column_lvg6p3j72k\" class=\"cmsmasters_column one_third\">\n<div class=\"cmsmasters_column_inner\"><div class=\"aligncenter\"><div class=\"cmsmasters_img  cmsmasters_image_c\"><a href=\"http:\/\/www.concellodecovelo.es\/\" target=\"_blank\"><img decoding=\"async\" src=\"http:\/\/cicloconciertosbarciademera.net\/wp-content\/uploads\/2022\/04\/Concello-de-Covelo-1-300x300.png\" alt=\"Concello de Covelo\" \/><\/a><\/div><\/div>\n<\/div><\/div>\n<div id=\"cmsmasters_column_hxbnr1ozwx\" class=\"cmsmasters_column one_third\">\n<div class=\"cmsmasters_column_inner\"><div class=\"aligncenter\"><div class=\"cmsmasters_img  cmsmasters_image_c\"><a href=\"https:\/\/www.xunta.gal\/\" target=\"_blank\"><img decoding=\"async\" src=\"http:\/\/cicloconciertosbarciademera.net\/wp-content\/uploads\/2022\/04\/xuntagalicia-1-300x300.png\" alt=\"xuntagalicia\" \/><\/a><\/div><\/div>\n<\/div><\/div>\n<\/div>\n<\/div>\n<\/div>\n<\/div>\n<\/div>\n\n","protected":false},"excerpt":{"rendered":"","protected":false},"author":1,"featured_media":0,"parent":0,"menu_order":0,"comment_status":"closed","ping_status":"closed","template":"","meta":{"om_disable_all_campaigns":false,"_monsterinsights_skip_tracking":false,"_monsterinsights_sitenote_active":false,"_monsterinsights_sitenote_note":"","_monsterinsights_sitenote_category":0,"footnotes":""},"class_list":["post-529","page","type-page","status-publish","hentry"],"yoast_head":"<!-- This site is optimized with the Yoast SEO plugin v18.6 - https:\/\/yoast.com\/wordpress\/plugins\/seo\/ -->\n<title>Sobre nosotros - Ciclo de Conciertos de Barcia de Mera<\/title>\n<meta name=\"robots\" content=\"index, follow, max-snippet:-1, max-image-preview:large, max-video-preview:-1\" \/>\n<link rel=\"canonical\" href=\"http:\/\/cicloconciertosbarciademera.net\/index.php\/conocenos\/\" \/>\n<meta property=\"og:locale\" content=\"es_ES\" \/>\n<meta property=\"og:type\" content=\"article\" \/>\n<meta property=\"og:title\" content=\"Sobre nosotros - Ciclo de Conciertos de Barcia de Mera\" \/>\n<meta property=\"og:url\" content=\"http:\/\/cicloconciertosbarciademera.net\/index.php\/conocenos\/\" \/>\n<meta property=\"og:site_name\" content=\"Ciclo de Conciertos de Barcia de Mera\" \/>\n<meta property=\"article:modified_time\" content=\"2022-04-30T09:54:20+00:00\" \/>\n<meta name=\"twitter:card\" content=\"summary_large_image\" \/>\n<meta name=\"twitter:label1\" content=\"Tiempo de lectura\" \/>\n\t<meta name=\"twitter:data1\" content=\"8 minutos\" \/>\n<script type=\"application\/ld+json\" class=\"yoast-schema-graph\">{\"@context\":\"https:\/\/schema.org\",\"@graph\":[{\"@type\":\"WebSite\",\"@id\":\"http:\/\/cicloconciertosbarciademera.net\/#website\",\"url\":\"http:\/\/cicloconciertosbarciademera.net\/\",\"name\":\"Ciclo de Conciertos de Barcia de Mera\",\"description\":\"\",\"potentialAction\":[{\"@type\":\"SearchAction\",\"target\":{\"@type\":\"EntryPoint\",\"urlTemplate\":\"http:\/\/cicloconciertosbarciademera.net\/?s={search_term_string}\"},\"query-input\":\"required name=search_term_string\"}],\"inLanguage\":\"es\"},{\"@type\":\"WebPage\",\"@id\":\"http:\/\/cicloconciertosbarciademera.net\/index.php\/conocenos\/#webpage\",\"url\":\"http:\/\/cicloconciertosbarciademera.net\/index.php\/conocenos\/\",\"name\":\"Sobre nosotros - Ciclo de Conciertos de Barcia de Mera\",\"isPartOf\":{\"@id\":\"http:\/\/cicloconciertosbarciademera.net\/#website\"},\"datePublished\":\"2015-04-20T11:50:56+00:00\",\"dateModified\":\"2022-04-30T09:54:20+00:00\",\"breadcrumb\":{\"@id\":\"http:\/\/cicloconciertosbarciademera.net\/index.php\/conocenos\/#breadcrumb\"},\"inLanguage\":\"es\",\"potentialAction\":[{\"@type\":\"ReadAction\",\"target\":[\"http:\/\/cicloconciertosbarciademera.net\/index.php\/conocenos\/\"]}]},{\"@type\":\"BreadcrumbList\",\"@id\":\"http:\/\/cicloconciertosbarciademera.net\/index.php\/conocenos\/#breadcrumb\",\"itemListElement\":[{\"@type\":\"ListItem\",\"position\":1,\"name\":\"Home\",\"item\":\"http:\/\/cicloconciertosbarciademera.net\/\"},{\"@type\":\"ListItem\",\"position\":2,\"name\":\"Sobre nosotros\"}]}]}<\/script>\n<!-- \/ Yoast SEO plugin. -->","yoast_head_json":{"title":"Sobre nosotros - Ciclo de Conciertos de Barcia de Mera","robots":{"index":"index","follow":"follow","max-snippet":"max-snippet:-1","max-image-preview":"max-image-preview:large","max-video-preview":"max-video-preview:-1"},"canonical":"http:\/\/cicloconciertosbarciademera.net\/index.php\/conocenos\/","og_locale":"es_ES","og_type":"article","og_title":"Sobre nosotros - Ciclo de Conciertos de Barcia de Mera","og_url":"http:\/\/cicloconciertosbarciademera.net\/index.php\/conocenos\/","og_site_name":"Ciclo de Conciertos de Barcia de Mera","article_modified_time":"2022-04-30T09:54:20+00:00","twitter_card":"summary_large_image","twitter_misc":{"Tiempo de lectura":"8 minutos"},"schema":{"@context":"https:\/\/schema.org","@graph":[{"@type":"WebSite","@id":"http:\/\/cicloconciertosbarciademera.net\/#website","url":"http:\/\/cicloconciertosbarciademera.net\/","name":"Ciclo de Conciertos de Barcia de Mera","description":"","potentialAction":[{"@type":"SearchAction","target":{"@type":"EntryPoint","urlTemplate":"http:\/\/cicloconciertosbarciademera.net\/?s={search_term_string}"},"query-input":"required name=search_term_string"}],"inLanguage":"es"},{"@type":"WebPage","@id":"http:\/\/cicloconciertosbarciademera.net\/index.php\/conocenos\/#webpage","url":"http:\/\/cicloconciertosbarciademera.net\/index.php\/conocenos\/","name":"Sobre nosotros - Ciclo de Conciertos de Barcia de Mera","isPartOf":{"@id":"http:\/\/cicloconciertosbarciademera.net\/#website"},"datePublished":"2015-04-20T11:50:56+00:00","dateModified":"2022-04-30T09:54:20+00:00","breadcrumb":{"@id":"http:\/\/cicloconciertosbarciademera.net\/index.php\/conocenos\/#breadcrumb"},"inLanguage":"es","potentialAction":[{"@type":"ReadAction","target":["http:\/\/cicloconciertosbarciademera.net\/index.php\/conocenos\/"]}]},{"@type":"BreadcrumbList","@id":"http:\/\/cicloconciertosbarciademera.net\/index.php\/conocenos\/#breadcrumb","itemListElement":[{"@type":"ListItem","position":1,"name":"Home","item":"http:\/\/cicloconciertosbarciademera.net\/"},{"@type":"ListItem","position":2,"name":"Sobre nosotros"}]}]}},"_links":{"self":[{"href":"http:\/\/cicloconciertosbarciademera.net\/index.php\/wp-json\/wp\/v2\/pages\/529","targetHints":{"allow":["GET"]}}],"collection":[{"href":"http:\/\/cicloconciertosbarciademera.net\/index.php\/wp-json\/wp\/v2\/pages"}],"about":[{"href":"http:\/\/cicloconciertosbarciademera.net\/index.php\/wp-json\/wp\/v2\/types\/page"}],"author":[{"embeddable":true,"href":"http:\/\/cicloconciertosbarciademera.net\/index.php\/wp-json\/wp\/v2\/users\/1"}],"replies":[{"embeddable":true,"href":"http:\/\/cicloconciertosbarciademera.net\/index.php\/wp-json\/wp\/v2\/comments?post=529"}],"version-history":[{"count":16,"href":"http:\/\/cicloconciertosbarciademera.net\/index.php\/wp-json\/wp\/v2\/pages\/529\/revisions"}],"predecessor-version":[{"id":16216,"href":"http:\/\/cicloconciertosbarciademera.net\/index.php\/wp-json\/wp\/v2\/pages\/529\/revisions\/16216"}],"wp:attachment":[{"href":"http:\/\/cicloconciertosbarciademera.net\/index.php\/wp-json\/wp\/v2\/media?parent=529"}],"curies":[{"name":"wp","href":"https:\/\/api.w.org\/{rel}","templated":true}]}}